{"id":10,"date":"2025-03-10T11:54:52","date_gmt":"2025-03-10T10:54:52","guid":{"rendered":"https:\/\/acasaviva.com\/?page_id=10"},"modified":"2025-03-10T11:54:52","modified_gmt":"2025-03-10T10:54:52","slug":"presentation-de-la-societe","status":"publish","type":"page","link":"https:\/\/www.acasaviva.com\/","title":{"rendered":"Pr\u00e9sentation de la soci\u00e9t\u00e9"},"content":{"rendered":"\n<p><p class=\"titre2\"><strong>Notre m\u00e9tier: l&rsquo;immobilier d&rsquo;entreprise<\/strong><\/p><p>Notre r\u00f4le de conseil en immobilier nous permet d&rsquo;intervenir sur les \u00e9tapes cl\u00e9s de votre projet :<\/p><ul><li><strong>Strat\u00e9gie immobili\u00e8re<\/strong>, approche financi\u00e8re, technique, organisationnelle<\/li><li><strong>Analyse et optimisation<\/strong> de vos implantations, de vos besoins, des co\u00fbts de fonctionnement<\/li><li><strong>Recherche<\/strong> des locaux, des sites ou du foncier dont vous avez besoin<\/li><li><strong>Installation<\/strong> et adaptation des lieux \u00e0 votre organisation, \u00e0 son \u00e9volution<\/li><li><strong>Commercialisation<\/strong> de surfaces, valorisation, diffusion<\/li><\/ul><p class=\"titre2\">Connaissance du march\u00e9, de l&rsquo;offre disponible<\/p><p style=\"text-align: justify;\">Apr\u00e8s <strong>vingt ans<\/strong> <br>d&rsquo;existence, nous disposons d&rsquo;une base de donn\u00e9es des surfaces <br>disponibles en r\u00e9gion parisienne en particulier, et en province. Pour <br>cela nous recensons quotidiennement les offres,\u00a0en <strong>relation permanente avec plus de 150 acteurs<\/strong><br> du march\u00e9 de l&rsquo;immobilier. Ainsi, nous pouvons identifier de fa\u00e7on <br>exhaustive les biens correspondant \u00e0 votre projet, parfois m\u00eame avant <br>leur disponibilit\u00e9 sur le march\u00e9.<br><br><strong>Notre approche<\/strong> en recherche de sites se d\u00e9compose en phases suivantes :<\/p><ul><li>Le cahier des charges, la d\u00e9finition des besoins, leur \u00e9volution ou adaptation.<\/li><li>Le recensement de tous les biens correspondant \u00e0 la recherche, leur qualification.<\/li><li>La s\u00e9lection des dossiers pertinents, l&rsquo;expertise, l&rsquo;ad\u00e9quation b\u00e2timent-utilisateur<\/li><li>La constitution des dossiers juridiques, financiers, techniques<\/li><li>Les n\u00e9gociations des conditions financi\u00e8res, des aspects techniques, du calendrier.<\/li><li>L&rsquo;assistance dans les d\u00e9marches vis \u00e0 vis des administrations ou d&rsquo;autres tiers,<\/li><li>L&rsquo;installation de l&rsquo;utilisateur<\/li><li>L&rsquo;aide \u00e0 la communication interne sur le projet et la post-installation.<\/li><\/ul><p style=\"text-align: justify;\">Nous sommes <strong>implant\u00e9s \u00e0 Paris<\/strong> et intervenons en <strong>r\u00e9gion parisienne ainsi qu&rsquo;en province<\/strong> avec un r\u00e9seau de partenaires pour des op\u00e9rations significatives.<\/p><br><br><br><br><br><br><\/p>\n","protected":false},"excerpt":{"rendered":"<p>Notre m\u00e9tier: l&rsquo;immobilier d&rsquo;entreprise Notre r\u00f4le de conseil en immobilier nous permet d&rsquo;intervenir sur les \u00e9tapes cl\u00e9s de votre projet : Strat\u00e9gie immobili\u00e8re, approche financi\u00e8re, technique, organisationnelle Analyse et optimisation [&hellip;]<\/p>\n","protected":false},"author":1,"featured_media":0,"parent":0,"menu_order":0,"comment_status":"closed","ping_status":"closed","template":"","meta":{"footnotes":""},"class_list":["post-10","page","type-page","status-publish","hentry"],"_links":{"self":[{"href":"https:\/\/www.acasaviva.com\/index.php\/wp-json\/wp\/v2\/pages\/10","targetHints":{"allow":["GET"]}}],"collection":[{"href":"https:\/\/www.acasaviva.com\/index.php\/wp-json\/wp\/v2\/pages"}],"about":[{"href":"https:\/\/www.acasaviva.com\/index.php\/wp-json\/wp\/v2\/types\/page"}],"author":[{"embeddable":true,"href":"https:\/\/www.acasaviva.com\/index.php\/wp-json\/wp\/v2\/users\/1"}],"replies":[{"embeddable":true,"href":"https:\/\/www.acasaviva.com\/index.php\/wp-json\/wp\/v2\/comments?post=10"}],"version-history":[{"count":1,"href":"https:\/\/www.acasaviva.com\/index.php\/wp-json\/wp\/v2\/pages\/10\/revisions"}],"predecessor-version":[{"id":11,"href":"https:\/\/www.acasaviva.com\/index.php\/wp-json\/wp\/v2\/pages\/10\/revisions\/11"}],"wp:attachment":[{"href":"https:\/\/www.acasaviva.com\/index.php\/wp-json\/wp\/v2\/media?parent=10"}],"curies":[{"name":"wp","href":"https:\/\/api.w.org\/{rel}","templated":true}]}}